{"id":112,"date":"2016-05-18T04:40:42","date_gmt":"2016-05-18T04:40:42","guid":{"rendered":"http:\/\/bechterew-gruppe-regensburg.de\/?page_id=112"},"modified":"2023-04-24T16:48:13","modified_gmt":"2023-04-24T16:48:13","slug":"sonstige-aktivitaeten2","status":"publish","type":"page","link":"https:\/\/bechterew-gruppe-regensburg.de\/?page_id=112","title":{"rendered":"Sonstige Aktivit\u00e4ten"},"content":{"rendered":"<p>Unter Federf\u00fchrung von Ernst Mulzer besuchten wir jedes Jahr eine Theaterauff\u00fchrung.<\/p>\n<p>Der Termin wird am Stammtisch und den Therapiestunden bekannt gegeben.<\/p>\n<p>Seit 2018\u00a0 k\u00fcmmert sich\u00a0 Hannelore Weitbrecht um die Karten.<\/p>\n<p>Monatlich einmal (und zwar an jedem zweiten Freitag im Monat) treffen wir uns ab 18 Uhr zu einem gem\u00fctlichen Plausch am Stammtisch im Gasthaus \u201eAltes Tor\u201c in 93080 Pentling,\u00a0Hauptstrasse 3.<\/p>\n<p>Aus diesem Stammtisch heraus haben sich monatliche Wanderungen entwickelt. Die Ziele in der n\u00e4heren und weiteren Umgebung werden in unterschiedlicher Besetzung zu Fu\u00df und zum Teil mit dem Auto angesteuert. Dabei werden immer auch Fahrgemeinschaften gebildet, damit jeder teilnehmen kann. Die Ziele werden jeweils am Stammtisch bzw. bei der Therapie bekannt gegeben. Die Termine kann man unter dem Link \u201eTermine\u201c einsehen.<\/p>\n<p>Ausk\u00fcnfte zu den Wanderungen erteilt Johann Matschi Tel. 0941\/948588, der zusammen mit Norbert Stadelbauer die Ausfl\u00fcge vorbereitet. Die nachfolgenden Bilder entstanden beim Ausflug in den Bayerwald. Die Wanderung ging rund um den Pr\u00f6ller.<\/p>\n<p><a href=\"http:\/\/bechterew-gruppe-regensburg.de\/wp-content\/uploads\/2016\/01\/Bild_043.jpg\" rel=\"attachment wp-att-62\"><img decoding=\"async\" loading=\"lazy\" class=\"alignnone size-medium wp-image-62\" src=\"http:\/\/bechterew-gruppe-regensburg.de\/wp-content\/uploads\/2016\/01\/Bild_043-300x225.jpg\" alt=\"Bild_043\" width=\"300\" height=\"225\" srcset=\"https:\/\/bechterew-gruppe-regensburg.de\/wp-content\/uploads\/2016\/01\/Bild_043-300x225.jpg 300w, https:\/\/bechterew-gruppe-regensburg.de\/wp-content\/uploads\/2016\/01\/Bild_043-768x576.jpg 768w, https:\/\/bechterew-gruppe-regensburg.de\/wp-content\/uploads\/2016\/01\/Bild_043.jpg 1024w, https:\/\/bechterew-gruppe-regensburg.de\/wp-content\/uploads\/2016\/01\/Bild_043-660x495.jpg 660w\" sizes=\"(max-width: 300px) 100vw, 300px\" \/><\/a>\u00a0<a href=\"http:\/\/bechterew-gruppe-regensburg.de\/wp-content\/uploads\/2016\/01\/Bild_046.jpg\" rel=\"attachment wp-att-63\"><img decoding=\"async\" loading=\"lazy\" class=\"alignnone size-medium wp-image-63\" src=\"http:\/\/bechterew-gruppe-regensburg.de\/wp-content\/uploads\/2016\/01\/Bild_046-300x225.jpg\" alt=\"Bild_046\" width=\"300\" height=\"225\" srcset=\"https:\/\/bechterew-gruppe-regensburg.de\/wp-content\/uploads\/2016\/01\/Bild_046-300x225.jpg 300w, https:\/\/bechterew-gruppe-regensburg.de\/wp-content\/uploads\/2016\/01\/Bild_046-768x576.jpg 768w, https:\/\/bechterew-gruppe-regensburg.de\/wp-content\/uploads\/2016\/01\/Bild_046.jpg 1024w, https:\/\/bechterew-gruppe-regensburg.de\/wp-content\/uploads\/2016\/01\/Bild_046-660x495.jpg 660w\" sizes=\"(max-width: 300px) 100vw, 300px\" \/><\/a><\/p>\n<h3>Bewegung \u2013 Begegnung<\/h3>\n<p>Diesem Leitsatz kam die DVMB Gruppe Regensburg im Juli bei ihrem Ausflug an den Schliersee nach.<\/p>\n<p>Informativ war der Besuch des Wasmeier \u2013 Museums.<\/p>\n<p>Bei dem Spaziergang um den See stand Bewegung im Vordergrund, f\u00fcr die ganz sportlichen stand eine Wanderung auf die Schliersbergalm\u00a0\u00a0 auf dem Plan.<\/p>\n<p>Der Wettergott meinte es sehr gut mit den \u201eRegensburger Bechti`s\u201c, bei herrlichem Sonnenschein wurde die Schifferlfahrt auf dem Schliersee genossen. Bei den vielen Aktivit\u00e4ten war f\u00fcr jeden das passende dabei und die Begegnung kam w\u00e4hrend des ganzen Tages nicht zu kurz.<\/p>\n<p>Das i \u2013 T\u00fcpfelchen waren die \u00fcppigen Kuchen im Winkelst\u00fcberl. Alles in allem einfach eingelungener Tag.<\/p>\n<p>Nun noch ein Foto unserer Gruppe von diesem Tag.<\/p>\n<p><a href=\"http:\/\/bechterew-gruppe-regensburg.de\/wp-content\/uploads\/2016\/01\/S_9_1_2.jpg\" rel=\"attachment wp-att-65\"><img decoding=\"async\" loading=\"lazy\" class=\"alignnone size-medium wp-image-65\" src=\"http:\/\/bechterew-gruppe-regensburg.de\/wp-content\/uploads\/2016\/01\/S_9_1_2-300x165.jpg\" alt=\"S_9_1_2\" width=\"300\" height=\"165\" srcset=\"https:\/\/bechterew-gruppe-regensburg.de\/wp-content\/uploads\/2016\/01\/S_9_1_2-300x165.jpg 300w, https:\/\/bechterew-gruppe-regensburg.de\/wp-content\/uploads\/2016\/01\/S_9_1_2-768x421.jpg 768w, https:\/\/bechterew-gruppe-regensburg.de\/wp-content\/uploads\/2016\/01\/S_9_1_2-1024x562.jpg 1024w, https:\/\/bechterew-gruppe-regensburg.de\/wp-content\/uploads\/2016\/01\/S_9_1_2-660x362.jpg 660w\" sizes=\"(max-width: 300px) 100vw, 300px\" \/><\/a><\/p>\n<p>Der Jahresausflug 2012 der Regensburger Bechtis f\u00fchrte diesmal nach\u00a0 Burghausen, der l\u00e4ngsten Burg der Welt.<\/p>\n<p>Dies waren die Teilnehmer:<\/p>\n<p><a href=\"http:\/\/bechterew-gruppe-regensburg.de\/wp-content\/uploads\/2016\/01\/burghausen_b_001.jpg\" rel=\"attachment wp-att-64\"><img decoding=\"async\" loading=\"lazy\" class=\"alignnone size-medium wp-image-64\" src=\"http:\/\/bechterew-gruppe-regensburg.de\/wp-content\/uploads\/2016\/01\/burghausen_b_001-300x133.jpg\" alt=\"burghausen_b_001\" width=\"300\" height=\"133\" srcset=\"https:\/\/bechterew-gruppe-regensburg.de\/wp-content\/uploads\/2016\/01\/burghausen_b_001-300x133.jpg 300w, https:\/\/bechterew-gruppe-regensburg.de\/wp-content\/uploads\/2016\/01\/burghausen_b_001-768x340.jpg 768w, https:\/\/bechterew-gruppe-regensburg.de\/wp-content\/uploads\/2016\/01\/burghausen_b_001-1024x453.jpg 1024w, https:\/\/bechterew-gruppe-regensburg.de\/wp-content\/uploads\/2016\/01\/burghausen_b_001-660x292.jpg 660w\" sizes=\"(max-width: 300px) 100vw, 300px\" \/><\/a><\/p>\n<p>Dass die Regensburger Bechtis auch gesellig sind, bewiesen sie bei ihrem j\u00e4hrlichen Grillfest. Es fand unter der Burg \u2013 Ruine Kallm\u00fcnz, bei herrlichem Sonnenschein auf der \u00fcberdachten Terrasse an der Naab statt.<br \/>\nGrillmeister war wie jedes Jahr Ernst Mulzer, der auch gleich mit seiner Frau Monika die Bratw\u00fcrste und das Grillfleisch eingekauft hatte. Die Salate machte die Wirtin vom Strandcafe.<\/p>\n<p>Bei lebhafter Unterhaltung war der Tag viel zu schnell vorbei.<\/p>\n<p>*********************************************************************************************************************<\/p>\n<p>Die monatliche Wanderung f\u00fchrte die Gruppe der Regensburger Bechtis nach Bodenw\u00f6hr an den Hammersee.<\/p>\n<p>Dank der schattenspendenden B\u00e4ume entlang des Weges konnten die sommerlichen Temperaturen gut vertragen werden.<br \/>\nDer Durst wurde anschlie\u00dfend im Gasthaus zum blauen Affen gestillt.<\/p>\n<p>Die Strecke wurde wie immer ausgesucht und vorab schon mal probegewandert von Angela und Johann Matschi und Renate und Norbert Stadlbauer.<\/p>\n<p>Sie achten besonders darauf, dass auch Nichtwanderer die Strecke ohne Problem bew\u00e4ltigen.<\/p>\n<p><a href=\"http:\/\/bechterew-gruppe-regensburg.de\/wp-content\/uploads\/2016\/01\/012_12.jpg\" rel=\"attachment wp-att-61\"><img decoding=\"async\" loading=\"lazy\" class=\"alignnone size-medium wp-image-61\" src=\"http:\/\/bechterew-gruppe-regensburg.de\/wp-content\/uploads\/2016\/01\/012_12-300x200.jpg\" alt=\"012_12\" width=\"300\" height=\"200\" srcset=\"https:\/\/bechterew-gruppe-regensburg.de\/wp-content\/uploads\/2016\/01\/012_12-300x200.jpg 300w, https:\/\/bechterew-gruppe-regensburg.de\/wp-content\/uploads\/2016\/01\/012_12-768x512.jpg 768w, https:\/\/bechterew-gruppe-regensburg.de\/wp-content\/uploads\/2016\/01\/012_12-1024x683.jpg 1024w, https:\/\/bechterew-gruppe-regensburg.de\/wp-content\/uploads\/2016\/01\/012_12-660x440.jpg 660w, https:\/\/bechterew-gruppe-regensburg.de\/wp-content\/uploads\/2016\/01\/012_12.jpg 1632w\" sizes=\"(max-width: 300px) 100vw, 300px\" \/><\/a><\/p>\n<p>***************************************************************************************************************<\/p>\n<p><strong>\u00a0\u201eWandern ist<\/strong><\/p>\n<p><strong>eine T\u00e4tigkeit der Beine \u2013<\/strong><\/p>\n<p>und ein Zustand<\/p>\n<p><strong>der Seele.\u201c<\/strong><\/p>\n<p><em> Josef Hofm\u00fcller<\/em><\/p>\n","protected":false},"excerpt":{"rendered":"<p>Unter Federf\u00fchrung von Ernst Mulzer besuchten wir jedes Jahr eine Theaterauff\u00fchrung. Der Termin wird am Stammtisch und den Therapiestunden bekannt gegeben. Seit 2018\u00a0 k\u00fcmmert sich\u00a0 Hannelore Weitbrecht um die Karten. Monatlich einmal (und zwar an jedem zweiten Freitag im Monat) treffen wir uns ab 18 Uhr zu einem gem\u00fctlichen Plausch am Stammtisch im Gasthaus \u201eAltes\u2026 <span class=\"read-more\"><a href=\"https:\/\/bechterew-gruppe-regensburg.de\/?page_id=112\">Weiterlesen &raquo;<\/a><\/span><\/p>\n","protected":false},"author":1,"featured_media":0,"parent":0,"menu_order":0,"comment_status":"closed","ping_status":"closed","template":"","meta":[],"_links":{"self":[{"href":"https:\/\/bechterew-gruppe-regensburg.de\/index.php?rest_route=\/wp\/v2\/pages\/112"}],"collection":[{"href":"https:\/\/bechterew-gruppe-regensburg.de\/index.php?rest_route=\/wp\/v2\/pages"}],"about":[{"href":"https:\/\/bechterew-gruppe-regensburg.de\/index.php?rest_route=\/wp\/v2\/types\/page"}],"author":[{"embeddable":true,"href":"https:\/\/bechterew-gruppe-regensburg.de\/index.php?rest_route=\/wp\/v2\/users\/1"}],"replies":[{"embeddable":true,"href":"https:\/\/bechterew-gruppe-regensburg.de\/index.php?rest_route=%2Fwp%2Fv2%2Fcomments&post=112"}],"version-history":[{"count":3,"href":"https:\/\/bechterew-gruppe-regensburg.de\/index.php?rest_route=\/wp\/v2\/pages\/112\/revisions"}],"predecessor-version":[{"id":161,"href":"https:\/\/bechterew-gruppe-regensburg.de\/index.php?rest_route=\/wp\/v2\/pages\/112\/revisions\/161"}],"wp:attachment":[{"href":"https:\/\/bechterew-gruppe-regensburg.de\/index.php?rest_route=%2Fwp%2Fv2%2Fmedia&parent=112"}],"curies":[{"name":"wp","href":"https:\/\/api.w.org\/{rel}","templated":true}]}}