{"id":16,"date":"2016-01-04T13:10:57","date_gmt":"2016-01-04T13:10:57","guid":{"rendered":"http:\/\/bechterew-gruppe-regensburg.de\/?page_id=16"},"modified":"2016-04-03T18:37:05","modified_gmt":"2016-04-03T18:37:05","slug":"nordic-walking","status":"publish","type":"page","link":"https:\/\/bechterew-gruppe-regensburg.de\/?page_id=16","title":{"rendered":"Nordic Walking"},"content":{"rendered":"<p>Im Sommer 2006\u00a0hat sich unsere Physiotherapeutin mit einer kleinen Gruppe daran gemacht, uns in die Technik des &#8222;Nordic-Walkings&#8220; einzuf\u00fchren. F\u00fcr die Teilnehmer war es eine ganz neue Erfahrung der Bewegung bei &#8222;Morbus Bechterew&#8220;. Mit Freude \u00fcben sie nun diese Trendsportart zur F\u00f6rderung der Beweglichkeit aus. Bei entsprechender Beteiligung organisieren wir\u00a0 gerne wieder einen Kurs.<\/p>\n","protected":false},"excerpt":{"rendered":"<p>Im Sommer 2006\u00a0hat sich unsere Physiotherapeutin mit einer kleinen Gruppe daran gemacht, uns in die Technik des &#8222;Nordic-Walkings&#8220; einzuf\u00fchren. F\u00fcr die Teilnehmer war es eine ganz neue Erfahrung der Bewegung bei &#8222;Morbus Bechterew&#8220;. Mit Freude \u00fcben sie nun diese Trendsportart zur F\u00f6rderung der Beweglichkeit aus. Bei entsprechender Beteiligung organisieren wir\u00a0 gerne wieder einen Kurs.<\/p>\n","protected":false},"author":1,"featured_media":0,"parent":0,"menu_order":0,"comment_status":"closed","ping_status":"closed","template":"","meta":[],"_links":{"self":[{"href":"https:\/\/bechterew-gruppe-regensburg.de\/index.php?rest_route=\/wp\/v2\/pages\/16"}],"collection":[{"href":"https:\/\/bechterew-gruppe-regensburg.de\/index.php?rest_route=\/wp\/v2\/pages"}],"about":[{"href":"https:\/\/bechterew-gruppe-regensburg.de\/index.php?rest_route=\/wp\/v2\/types\/page"}],"author":[{"embeddable":true,"href":"https:\/\/bechterew-gruppe-regensburg.de\/index.php?rest_route=\/wp\/v2\/users\/1"}],"replies":[{"embeddable":true,"href":"https:\/\/bechterew-gruppe-regensburg.de\/index.php?rest_route=%2Fwp%2Fv2%2Fcomments&post=16"}],"version-history":[{"count":3,"href":"https:\/\/bechterew-gruppe-regensburg.de\/index.php?rest_route=\/wp\/v2\/pages\/16\/revisions"}],"predecessor-version":[{"id":110,"href":"https:\/\/bechterew-gruppe-regensburg.de\/index.php?rest_route=\/wp\/v2\/pages\/16\/revisions\/110"}],"wp:attachment":[{"href":"https:\/\/bechterew-gruppe-regensburg.de\/index.php?rest_route=%2Fwp%2Fv2%2Fmedia&parent=16"}],"curies":[{"name":"wp","href":"https:\/\/api.w.org\/{rel}","templated":true}]}}