{"id":6,"date":"2016-01-04T12:54:54","date_gmt":"2016-01-04T12:54:54","guid":{"rendered":"http:\/\/bechterew-gruppe-regensburg.de\/?page_id=6"},"modified":"2016-01-05T08:40:18","modified_gmt":"2016-01-05T08:40:18","slug":"die-dvmb-gruppe-regensburg-stellt-sich-vor","status":"publish","type":"page","link":"https:\/\/bechterew-gruppe-regensburg.de\/","title":{"rendered":"Die DVMB-Gruppe Regensburg stellt sich vor"},"content":{"rendered":"<p align=\"center\"><a href=\"http:\/\/bechterew-gruppe-regensburg.de\/wp-content\/uploads\/2016\/01\/Bild-010ge1.jpg\" rel=\"attachment wp-att-7\"><img decoding=\"async\" loading=\"lazy\" class=\" wp-image-7 aligncenter\" src=\"http:\/\/bechterew-gruppe-regensburg.de\/wp-content\/uploads\/2016\/01\/Bild-010ge1-300x225.jpg\" alt=\"Bild 010ge(1)\" width=\"464\" height=\"348\" \/><\/a><\/p>\n<p>Willkommen bei uns in der Gruppe Regensburg<\/p>\n<p>Die DVMB-Gruppe Regensburg wurde im Jahre 1988 von Richard Steiger, Richard Schlauderer und Ernst Mulzer gegr\u00fcndet. Seit Gr\u00fcndung bekleidet Herr Steiger das Amt des Gruppensprechers.<\/p>\n<p align=\"left\">Bei der Jahreshauptversammlung im M\u00e4rz 2011 wurde Hannelore Weitbrecht als neue Gruppensprecherin gew\u00e4hlt. \u00a0Die Bechterew Gruppe Regensburg ist eine unselbstst\u00e4ndige Gruppe des Landesverbands Bayern <a href=\"http:\/\/www.dvmb-by.de\/\">www.dvmb-by.de<\/a> der Deutschen Vereinigung Morbus Bechterew e.V.\u00a0mit Sitz in Schweinfurt\u00a0<a href=\"http:\/\/www.bechterew.de\/\">www.bechterew.de<\/a>.<\/p>\n","protected":false},"excerpt":{"rendered":"<p>Willkommen bei uns in der Gruppe Regensburg Die DVMB-Gruppe Regensburg wurde im Jahre 1988 von Richard Steiger, Richard Schlauderer und Ernst Mulzer gegr\u00fcndet. Seit Gr\u00fcndung bekleidet Herr Steiger das Amt des Gruppensprechers. Bei der Jahreshauptversammlung im M\u00e4rz 2011 wurde Hannelore Weitbrecht als neue Gruppensprecherin gew\u00e4hlt. \u00a0Die Bechterew Gruppe Regensburg ist eine unselbstst\u00e4ndige Gruppe des Landesverbands\u2026 <span class=\"read-more\"><a href=\"https:\/\/bechterew-gruppe-regensburg.de\/\">Weiterlesen &raquo;<\/a><\/span><\/p>\n","protected":false},"author":1,"featured_media":0,"parent":0,"menu_order":0,"comment_status":"closed","ping_status":"closed","template":"","meta":[],"_links":{"self":[{"href":"https:\/\/bechterew-gruppe-regensburg.de\/index.php?rest_route=\/wp\/v2\/pages\/6"}],"collection":[{"href":"https:\/\/bechterew-gruppe-regensburg.de\/index.php?rest_route=\/wp\/v2\/pages"}],"about":[{"href":"https:\/\/bechterew-gruppe-regensburg.de\/index.php?rest_route=\/wp\/v2\/types\/page"}],"author":[{"embeddable":true,"href":"https:\/\/bechterew-gruppe-regensburg.de\/index.php?rest_route=\/wp\/v2\/users\/1"}],"replies":[{"embeddable":true,"href":"https:\/\/bechterew-gruppe-regensburg.de\/index.php?rest_route=%2Fwp%2Fv2%2Fcomments&post=6"}],"version-history":[{"count":6,"href":"https:\/\/bechterew-gruppe-regensburg.de\/index.php?rest_route=\/wp\/v2\/pages\/6\/revisions"}],"predecessor-version":[{"id":80,"href":"https:\/\/bechterew-gruppe-regensburg.de\/index.php?rest_route=\/wp\/v2\/pages\/6\/revisions\/80"}],"wp:attachment":[{"href":"https:\/\/bechterew-gruppe-regensburg.de\/index.php?rest_route=%2Fwp%2Fv2%2Fmedia&parent=6"}],"curies":[{"name":"wp","href":"https:\/\/api.w.org\/{rel}","templated":true}]}}